{"id":51,"date":"2019-07-01T20:45:47","date_gmt":"2019-07-01T20:45:47","guid":{"rendered":"http:\/\/ben-cooking.de\/?page_id=51"},"modified":"2024-01-10T10:40:59","modified_gmt":"2024-01-10T10:40:59","slug":"fingerfood","status":"publish","type":"page","link":"https:\/\/ben-cooking.de\/?page_id=51","title":{"rendered":"Fingerfood"},"content":{"rendered":"\n<p>Fingerfood-Buffets sind ab 15 Personen (mind. 3 Teile) bis 100 Personen m\u00f6glich<\/p>\n\n\n\n<figure class=\"wp-block-gallery has-nested-images columns-6 is-cropped wp-block-gallery-1 is-layout-flex wp-block-gallery-is-layout-flex\">\n<figure class=\"wp-block-image size-large\"><img loading=\"lazy\" decoding=\"async\" width=\"769\" height=\"1024\" data-id=\"294\" src=\"https:\/\/ben-cooking.de\/wp-content\/uploads\/2019\/11\/tomate-mozzarella-769x1024.jpg\" alt=\"\" class=\"wp-image-294\" srcset=\"https:\/\/ben-cooking.de\/wp-content\/uploads\/2019\/11\/tomate-mozzarella-769x1024.jpg 769w, https:\/\/ben-cooking.de\/wp-content\/uploads\/2019\/11\/tomate-mozzarella-225x300.jpg 225w, https:\/\/ben-cooking.de\/wp-content\/uploads\/2019\/11\/tomate-mozzarella-768x1023.jpg 768w, https:\/\/ben-cooking.de\/wp-content\/uploads\/2019\/11\/tomate-mozzarella-1140x1518.jpg 1140w\" sizes=\"auto, (max-width: 769px) 100vw, 769px\" \/><figcaption class=\"wp-element-caption\">Tomate-Mozzarella<\/figcaption><\/figure>\n\n\n\n<figure class=\"wp-block-image size-large\"><img loading=\"lazy\" decoding=\"async\" width=\"666\" height=\"1000\" data-id=\"375\" src=\"https:\/\/ben-cooking.de\/wp-content\/uploads\/2022\/01\/IMG_20211218_183722.jpg\" alt=\"\" class=\"wp-image-375\" srcset=\"https:\/\/ben-cooking.de\/wp-content\/uploads\/2022\/01\/IMG_20211218_183722.jpg 666w, https:\/\/ben-cooking.de\/wp-content\/uploads\/2022\/01\/IMG_20211218_183722-200x300.jpg 200w\" sizes=\"auto, (max-width: 666px) 100vw, 666px\" \/><figcaption class=\"wp-element-caption\">Flammkuchen<\/figcaption><\/figure>\n\n\n\n<figure class=\"wp-block-image size-large\"><img loading=\"lazy\" decoding=\"async\" width=\"666\" height=\"1000\" data-id=\"373\" src=\"https:\/\/ben-cooking.de\/wp-content\/uploads\/2022\/01\/IMG_20211218_165047.jpg\" alt=\"\" class=\"wp-image-373\" srcset=\"https:\/\/ben-cooking.de\/wp-content\/uploads\/2022\/01\/IMG_20211218_165047.jpg 666w, https:\/\/ben-cooking.de\/wp-content\/uploads\/2022\/01\/IMG_20211218_165047-200x300.jpg 200w\" sizes=\"auto, (max-width: 666px) 100vw, 666px\" \/><figcaption class=\"wp-element-caption\">Canap\u00e9es<\/figcaption><\/figure>\n\n\n\n<figure class=\"wp-block-image size-large\"><img loading=\"lazy\" decoding=\"async\" width=\"750\" height=\"1000\" data-id=\"377\" src=\"https:\/\/ben-cooking.de\/wp-content\/uploads\/2022\/01\/IMG-20220111-WA0000.jpg\" alt=\"\" class=\"wp-image-377\" srcset=\"https:\/\/ben-cooking.de\/wp-content\/uploads\/2022\/01\/IMG-20220111-WA0000.jpg 750w, https:\/\/ben-cooking.de\/wp-content\/uploads\/2022\/01\/IMG-20220111-WA0000-225x300.jpg 225w\" sizes=\"auto, (max-width: 750px) 100vw, 750px\" \/><figcaption class=\"wp-element-caption\">Mini-Pasteten<\/figcaption><\/figure>\n\n\n\n<figure class=\"wp-block-image size-large\"><img loading=\"lazy\" decoding=\"async\" width=\"666\" height=\"1000\" data-id=\"369\" src=\"https:\/\/ben-cooking.de\/wp-content\/uploads\/2022\/01\/IMG_20211218_140100.jpg\" alt=\"\" class=\"wp-image-369\" srcset=\"https:\/\/ben-cooking.de\/wp-content\/uploads\/2022\/01\/IMG_20211218_140100.jpg 666w, https:\/\/ben-cooking.de\/wp-content\/uploads\/2022\/01\/IMG_20211218_140100-200x300.jpg 200w\" sizes=\"auto, (max-width: 666px) 100vw, 666px\" \/><figcaption class=\"wp-element-caption\">Wrapsr\u00f6llchen<\/figcaption><\/figure>\n\n\n\n<figure class=\"wp-block-image size-large\"><img loading=\"lazy\" decoding=\"async\" width=\"750\" height=\"1000\" data-id=\"379\" src=\"https:\/\/ben-cooking.de\/wp-content\/uploads\/2022\/01\/IMG-20220111-WA0002.jpg\" alt=\"\" class=\"wp-image-379\" srcset=\"https:\/\/ben-cooking.de\/wp-content\/uploads\/2022\/01\/IMG-20220111-WA0002.jpg 750w, https:\/\/ben-cooking.de\/wp-content\/uploads\/2022\/01\/IMG-20220111-WA0002-225x300.jpg 225w\" sizes=\"auto, (max-width: 750px) 100vw, 750px\" \/><figcaption class=\"wp-element-caption\">Zucchinir\u00f6llchen<\/figcaption><\/figure>\n<\/figure>\n\n\n\n<h3 class=\"wp-block-heading has-text-align-center\"><em>Fingerfood-Spie\u00dfe<\/em><\/h3>\n\n\n\n<ul class=\"wp-block-list\">\n<li><strong>Canap\u00e9es<\/strong> &#8211; belegte und garnierte Schnittchen<\/li>\n\n\n\n<li><strong>Bruscetta<\/strong> &#8211; ger\u00f6stete Baguettescheiben mit Knoblauch-Oliven\u00f6l, darauf ein Tomatensalat und geriebener Parmesan<\/li>\n\n\n\n<li><strong>Wrapsr\u00f6llchen<\/strong> &#8211; gef\u00fcllt mit Salat, Gem\u00fcse und Schinken\/K\u00e4se\/Lachs oder mediterran mit getrockneten Tomaten und Mozzarella<\/li>\n\n\n\n<li><strong>Pumpernickel<\/strong> &#8211; garniert mit Frischk\u00e4sekr\u00e4utercreme und Sprossen&nbsp;&nbsp;&nbsp;&nbsp;&nbsp;&nbsp; <\/li>\n\n\n\n<li><strong>Mini-Sandwiches<\/strong> &#8211; aus Vollkorn- oder Weizentoast mit Salat, Gurke und Ei sowie mit Kochschinken, Gouda, Salami und H\u00e4hnchenbrust oder vegetarisch \/ vegan<\/li>\n\n\n\n<li><strong>Mini-Fr\u00fchlingsrollen<\/strong> &#8211; aus Reispapier mit einer Gem\u00fcsef\u00fcllung <\/li>\n\n\n\n<li><strong>Falafelb\u00e4llchen<\/strong> &#8211; frittiertes Kichererbsenb\u00e4llchen mit Koriander, dazu ein Minzdip<\/li>\n\n\n\n<li><strong>Mini-Baguette<\/strong> &#8211; mit Camenbert und Feige<\/li>\n\n\n\n<li><strong>Tomate-Mozzarella-Spie\u00df<\/strong> &#8211; mit Pesto mariniert<\/li>\n\n\n\n<li><strong>Bl\u00e4tterteigpasteten<\/strong> \u2013 gef\u00fcllt mit Kr\u00e4uterfrischk\u00e4se und Kresse oder mit Frischk\u00e4se und luftgetrocknetem Schicken<\/li>\n\n\n\n<li><strong>ger\u00f6stete Zucchinir\u00f6llchen<\/strong> &#8211; gef\u00fcllt mit Ziegen- oder Fetak\u00e4se<\/li>\n<\/ul>\n\n\n\n<div style=\"height:100px\" aria-hidden=\"true\" class=\"wp-block-spacer\"><\/div>\n\n\n\n<h3 class=\"wp-block-heading has-text-align-center\"><em>portionierte Salate im Glas<\/em><\/h3>\n\n\n\n<figure class=\"wp-block-gallery has-nested-images columns-5 is-cropped wp-block-gallery-2 is-layout-flex wp-block-gallery-is-layout-flex\">\n<figure class=\"wp-block-image size-large\"><img loading=\"lazy\" decoding=\"async\" width=\"666\" height=\"1000\" data-id=\"361\" src=\"https:\/\/ben-cooking.de\/wp-content\/uploads\/2022\/01\/IMG_20211218_144357.jpg\" alt=\"\" class=\"wp-image-361\" srcset=\"https:\/\/ben-cooking.de\/wp-content\/uploads\/2022\/01\/IMG_20211218_144357.jpg 666w, https:\/\/ben-cooking.de\/wp-content\/uploads\/2022\/01\/IMG_20211218_144357-200x300.jpg 200w\" sizes=\"auto, (max-width: 666px) 100vw, 666px\" \/><\/figure>\n\n\n\n<figure class=\"wp-block-image size-full\"><img loading=\"lazy\" decoding=\"async\" width=\"720\" height=\"996\" data-id=\"435\" src=\"https:\/\/ben-cooking.de\/wp-content\/uploads\/2024\/01\/IMG-20240103-WA0003.jpg\" alt=\"\" class=\"wp-image-435\" srcset=\"https:\/\/ben-cooking.de\/wp-content\/uploads\/2024\/01\/IMG-20240103-WA0003.jpg 720w, https:\/\/ben-cooking.de\/wp-content\/uploads\/2024\/01\/IMG-20240103-WA0003-217x300.jpg 217w\" sizes=\"auto, (max-width: 720px) 100vw, 720px\" \/><\/figure>\n\n\n\n<figure class=\"wp-block-image size-large\"><img loading=\"lazy\" decoding=\"async\" width=\"667\" height=\"1000\" data-id=\"383\" src=\"https:\/\/ben-cooking.de\/wp-content\/uploads\/2022\/01\/IMG-20220111-WA0006.jpg\" alt=\"\" class=\"wp-image-383\" srcset=\"https:\/\/ben-cooking.de\/wp-content\/uploads\/2022\/01\/IMG-20220111-WA0006.jpg 667w, https:\/\/ben-cooking.de\/wp-content\/uploads\/2022\/01\/IMG-20220111-WA0006-200x300.jpg 200w\" sizes=\"auto, (max-width: 667px) 100vw, 667px\" \/><\/figure>\n\n\n\n<figure class=\"wp-block-image size-full\"><img loading=\"lazy\" decoding=\"async\" width=\"720\" height=\"969\" data-id=\"434\" src=\"https:\/\/ben-cooking.de\/wp-content\/uploads\/2024\/01\/IMG-20240103-WA0002-1.jpg\" alt=\"\" class=\"wp-image-434\" srcset=\"https:\/\/ben-cooking.de\/wp-content\/uploads\/2024\/01\/IMG-20240103-WA0002-1.jpg 720w, https:\/\/ben-cooking.de\/wp-content\/uploads\/2024\/01\/IMG-20240103-WA0002-1-223x300.jpg 223w\" sizes=\"auto, (max-width: 720px) 100vw, 720px\" \/><\/figure>\n\n\n\n<figure class=\"wp-block-image size-large is-style-default\"><img loading=\"lazy\" decoding=\"async\" width=\"666\" height=\"1000\" data-id=\"363\" src=\"https:\/\/ben-cooking.de\/wp-content\/uploads\/2022\/01\/IMG_20211218_153832.jpg\" alt=\"\" class=\"wp-image-363\" srcset=\"https:\/\/ben-cooking.de\/wp-content\/uploads\/2022\/01\/IMG_20211218_153832.jpg 666w, https:\/\/ben-cooking.de\/wp-content\/uploads\/2022\/01\/IMG_20211218_153832-200x300.jpg 200w\" sizes=\"auto, (max-width: 666px) 100vw, 666px\" \/><\/figure>\n<\/figure>\n\n\n\n<ul class=\"wp-block-list\">\n<li><strong>Krautsalat<\/strong> mit Leberk\u00e4sspie\u00df<\/li>\n\n\n\n<li><strong>Kartoffelsalat<\/strong> mit Partyboulettchen am Spie\u00df<\/li>\n\n\n\n<li><strong>Couscoussalat<\/strong> mit H\u00e4hnchen-Teriyaki- oder Tofuspie\u00df<\/li>\n\n\n\n<li><strong>Linsensalat<\/strong> mit Falafelb\u00e4llchen<\/li>\n\n\n\n<li><strong>Nudelsalat<\/strong> mit Mini-Wiener am Spie\u00df<\/li>\n\n\n\n<li><strong>Antipastisalat<\/strong> mit H\u00e4hnchenspie\u00df<\/li>\n\n\n\n<li><strong>Italienischer Brotsalat<\/strong> mit Chorizospie\u00df<\/li>\n\n\n\n<li><strong>Glasbandnudelsalat<\/strong> mit Mini-Fr\u00fchlingsrolle oder Garnelenspie\u00df<\/li>\n\n\n\n<li><strong>Orangenrotkohlsalat<\/strong> mit Entenspie\u00df<\/li>\n\n\n\n<li><strong>mediterraner<\/strong> <strong>Tomatensalat<\/strong> mit Feta, Ruccola und Oliven<\/li>\n\n\n\n<li><strong>asiatischer Bandnudelsalat<\/strong> mit Garnelenspie\u00df<\/li>\n\n\n\n<li><em>vieles ist m\u00f6glich und kombinierbar&#8230;.<\/em><\/li>\n<\/ul>\n","protected":false},"excerpt":{"rendered":"<p>Fingerfood-Buffets sind ab 15 Personen (mind. 3 Teile) bis 100 Personen m\u00f6glich Fingerfood-Spie\u00dfe portionierte Salate im Glas<\/p>\n","protected":false},"author":1,"featured_media":0,"parent":0,"menu_order":0,"comment_status":"closed","ping_status":"closed","template":"","meta":{"footnotes":""},"class_list":["post-51","page","type-page","status-publish","hentry"],"_links":{"self":[{"href":"https:\/\/ben-cooking.de\/index.php?rest_route=\/wp\/v2\/pages\/51","targetHints":{"allow":["GET"]}}],"collection":[{"href":"https:\/\/ben-cooking.de\/index.php?rest_route=\/wp\/v2\/pages"}],"about":[{"href":"https:\/\/ben-cooking.de\/index.php?rest_route=\/wp\/v2\/types\/page"}],"author":[{"embeddable":true,"href":"https:\/\/ben-cooking.de\/index.php?rest_route=\/wp\/v2\/users\/1"}],"replies":[{"embeddable":true,"href":"https:\/\/ben-cooking.de\/index.php?rest_route=%2Fwp%2Fv2%2Fcomments&post=51"}],"version-history":[{"count":28,"href":"https:\/\/ben-cooking.de\/index.php?rest_route=\/wp\/v2\/pages\/51\/revisions"}],"predecessor-version":[{"id":443,"href":"https:\/\/ben-cooking.de\/index.php?rest_route=\/wp\/v2\/pages\/51\/revisions\/443"}],"wp:attachment":[{"href":"https:\/\/ben-cooking.de\/index.php?rest_route=%2Fwp%2Fv2%2Fmedia&parent=51"}],"curies":[{"name":"wp","href":"https:\/\/api.w.org\/{rel}","templated":true}]}}